{"id":50,"date":"2025-08-26T00:00:00","date_gmt":"2025-08-26T00:00:00","guid":{"rendered":"https:\/\/www.clinicalyrdent.ro\/medicamente\/?page_id=5"},"modified":"2025-08-26T00:00:00","modified_gmt":"2025-08-26T00:00:00","slug":"termeni-conditii","status":"publish","type":"page","link":"https:\/\/www.clinicalyrdent.ro\/medicamente\/termeni-conditii\/","title":{"rendered":"Termeni &#038; Condi\u021bii"},"content":{"rendered":"<ol>\n<li><strong>Obiect<\/strong> \u2014 utilizarea site-ului conform prezentelor condi\u021bii.<\/li>\n<li><strong>Servicii<\/strong> \u2014 furnizare de <strong>informa\u021bii<\/strong>; <strong>f\u0103r\u0103 v\u00e2nzare<\/strong> pe site.<\/li>\n<li><strong>Redirec\u021bion\u0103ri<\/strong> \u2014 \u201eCump\u0103r\u0103\/Comand\u0103\u201d \u2192 site-uri ter\u021be; acolo se aplic\u0103 <strong>T&#038;C\/Privacy\/Cookies<\/strong> ale acestora.<\/li>\n<li><strong>Garan\u021bii\/R\u0103spundere<\/strong> \u2014 con\u021binut \u201eas is\u201d; excluderi \u00een limitele legii.<\/li>\n<li><strong>Drepturi de autor<\/strong> \u2014 interzis\u0103 copierea\/scraping f\u0103r\u0103 acord.<\/li>\n<li><strong>Utilizare interzis\u0103<\/strong> \u2014 ocolirea m\u0103surilor de securitate, abuz, activit\u0103\u021bi ilicite.<\/li>\n<li><strong>Modific\u0103ri<\/strong> \u2014 site-ul poate fi actualizat\/suspendat oric\u00e2nd.<\/li>\n<li><strong>Lege\/For<\/strong> \u2014 legea rom\u00e2n\u0103; for competent Bucure\u0219ti (unde este permis).<\/li>\n<\/ol>\n","protected":false},"excerpt":{"rendered":"<p>Obiect \u2014 utilizarea site-ului conform prezentelor condi\u021bii. Servicii \u2014 furnizare de informa\u021bii; f\u0103r\u0103 v\u00e2nzare pe site. Redirec\u021bion\u0103ri \u2014 \u201eCump\u0103r\u0103\/Comand\u0103\u201d \u2192 site-uri ter\u021be; acolo se aplic\u0103 T&#038;C\/Privacy\/Cookies ale acestora. Garan\u021bii\/R\u0103spundere \u2014 con\u021binut \u201eas is\u201d; excluderi \u00een limitele legii. Drepturi de autor \u2014 interzis\u0103 copierea\/scraping f\u0103r\u0103 acord. Utilizare interzis\u0103 \u2014 ocolirea m\u0103surilor de securitate, abuz, activit\u0103\u021bi ilicite. [&hellip;]<\/p>\n","protected":false},"author":1,"featured_media":0,"parent":0,"menu_order":0,"comment_status":"closed","ping_status":"closed","template":"","meta":{"footnotes":""},"class_list":["post-50","page","type-page","status-publish","hentry"],"blocksy_meta":[],"yoast_head":"<!-- This site is optimized with the Yoast SEO plugin v27.3 - https:\/\/yoast.com\/product\/yoast-seo-wordpress\/ -->\n<title>Termeni &amp; Condi\u021bii - Farmacia Lyrdent Medical\u0103<\/title>\n<meta name=\"robots\" content=\"index, follow, max-snippet:-1, max-image-preview:large, max-video-preview:-1\" \/>\n<link rel=\"canonical\" href=\"https:\/\/www.clinicalyrdent.ro\/medicamente\/termeni-conditii\/\" \/>\n<meta property=\"og:locale\" content=\"ro_RO\" \/>\n<meta property=\"og:type\" content=\"article\" \/>\n<meta property=\"og:title\" content=\"Termeni &amp; Condi\u021bii - Farmacia Lyrdent Medical\u0103\" \/>\n<meta property=\"og:description\" content=\"Obiect \u2014 utilizarea site-ului conform prezentelor condi\u021bii. Servicii \u2014 furnizare de informa\u021bii; f\u0103r\u0103 v\u00e2nzare pe site. Redirec\u021bion\u0103ri \u2014 \u201eCump\u0103r\u0103\/Comand\u0103\u201d \u2192 site-uri ter\u021be; acolo se aplic\u0103 T&#038;C\/Privacy\/Cookies ale acestora. Garan\u021bii\/R\u0103spundere \u2014 con\u021binut \u201eas is\u201d; excluderi \u00een limitele legii. Drepturi de autor \u2014 interzis\u0103 copierea\/scraping f\u0103r\u0103 acord. Utilizare interzis\u0103 \u2014 ocolirea m\u0103surilor de securitate, abuz, activit\u0103\u021bi ilicite. [&hellip;]\" \/>\n<meta property=\"og:url\" content=\"https:\/\/www.clinicalyrdent.ro\/medicamente\/termeni-conditii\/\" \/>\n<meta property=\"og:site_name\" content=\"Farmacia Lyrdent Medical\u0103\" \/>\n<meta name=\"twitter:card\" content=\"summary_large_image\" \/>\n<script type=\"application\/ld+json\" class=\"yoast-schema-graph\">{\"@context\":\"https:\\\/\\\/schema.org\",\"@graph\":[{\"@type\":\"WebPage\",\"@id\":\"https:\\\/\\\/www.clinicalyrdent.ro\\\/medicamente\\\/termeni-conditii\\\/\",\"url\":\"https:\\\/\\\/www.clinicalyrdent.ro\\\/medicamente\\\/termeni-conditii\\\/\",\"name\":\"Termeni & Condi\u021bii - Farmacia Lyrdent Medical\u0103\",\"isPartOf\":{\"@id\":\"https:\\\/\\\/www.clinicalyrdent.ro\\\/medicamente\\\/#website\"},\"datePublished\":\"2025-08-26T00:00:00+00:00\",\"breadcrumb\":{\"@id\":\"https:\\\/\\\/www.clinicalyrdent.ro\\\/medicamente\\\/termeni-conditii\\\/#breadcrumb\"},\"inLanguage\":\"ro-RO\",\"potentialAction\":[{\"@type\":\"ReadAction\",\"target\":[\"https:\\\/\\\/www.clinicalyrdent.ro\\\/medicamente\\\/termeni-conditii\\\/\"]}]},{\"@type\":\"BreadcrumbList\",\"@id\":\"https:\\\/\\\/www.clinicalyrdent.ro\\\/medicamente\\\/termeni-conditii\\\/#breadcrumb\",\"itemListElement\":[{\"@type\":\"ListItem\",\"position\":1,\"name\":\"Prima pagin\u0103\",\"item\":\"https:\\\/\\\/www.clinicalyrdent.ro\\\/medicamente\\\/\"},{\"@type\":\"ListItem\",\"position\":2,\"name\":\"Termeni &#038; Condi\u021bii\"}]},{\"@type\":\"WebSite\",\"@id\":\"https:\\\/\\\/www.clinicalyrdent.ro\\\/medicamente\\\/#website\",\"url\":\"https:\\\/\\\/www.clinicalyrdent.ro\\\/medicamente\\\/\",\"name\":\"Farmacia Lyrdent Medical\u0103\",\"description\":\"\",\"publisher\":{\"@id\":\"https:\\\/\\\/www.clinicalyrdent.ro\\\/medicamente\\\/#organization\"},\"potentialAction\":[{\"@type\":\"SearchAction\",\"target\":{\"@type\":\"EntryPoint\",\"urlTemplate\":\"https:\\\/\\\/www.clinicalyrdent.ro\\\/medicamente\\\/?s={search_term_string}\"},\"query-input\":{\"@type\":\"PropertyValueSpecification\",\"valueRequired\":true,\"valueName\":\"search_term_string\"}}],\"inLanguage\":\"ro-RO\"},{\"@type\":\"Organization\",\"@id\":\"https:\\\/\\\/www.clinicalyrdent.ro\\\/medicamente\\\/#organization\",\"name\":\"Farmacia Lyrdent Medical\u0103\",\"url\":\"https:\\\/\\\/www.clinicalyrdent.ro\\\/medicamente\\\/\",\"logo\":{\"@type\":\"ImageObject\",\"inLanguage\":\"ro-RO\",\"@id\":\"https:\\\/\\\/www.clinicalyrdent.ro\\\/medicamente\\\/#\\\/schema\\\/logo\\\/image\\\/\",\"url\":\"https:\\\/\\\/www.clinicalyrdent.ro\\\/medicamente\\\/wp-content\\\/uploads\\\/2025\\\/08\\\/lyrdent-1.png\",\"contentUrl\":\"https:\\\/\\\/www.clinicalyrdent.ro\\\/medicamente\\\/wp-content\\\/uploads\\\/2025\\\/08\\\/lyrdent-1.png\",\"width\":300,\"height\":100,\"caption\":\"Farmacia Lyrdent Medical\u0103\"},\"image\":{\"@id\":\"https:\\\/\\\/www.clinicalyrdent.ro\\\/medicamente\\\/#\\\/schema\\\/logo\\\/image\\\/\"}}]}<\/script>\n<!-- \/ Yoast SEO plugin. -->","yoast_head_json":{"title":"Termeni & Condi\u021bii - Farmacia Lyrdent Medical\u0103","robots":{"index":"index","follow":"follow","max-snippet":"max-snippet:-1","max-image-preview":"max-image-preview:large","max-video-preview":"max-video-preview:-1"},"canonical":"https:\/\/www.clinicalyrdent.ro\/medicamente\/termeni-conditii\/","og_locale":"ro_RO","og_type":"article","og_title":"Termeni & Condi\u021bii - Farmacia Lyrdent Medical\u0103","og_description":"Obiect \u2014 utilizarea site-ului conform prezentelor condi\u021bii. Servicii \u2014 furnizare de informa\u021bii; f\u0103r\u0103 v\u00e2nzare pe site. Redirec\u021bion\u0103ri \u2014 \u201eCump\u0103r\u0103\/Comand\u0103\u201d \u2192 site-uri ter\u021be; acolo se aplic\u0103 T&#038;C\/Privacy\/Cookies ale acestora. Garan\u021bii\/R\u0103spundere \u2014 con\u021binut \u201eas is\u201d; excluderi \u00een limitele legii. Drepturi de autor \u2014 interzis\u0103 copierea\/scraping f\u0103r\u0103 acord. Utilizare interzis\u0103 \u2014 ocolirea m\u0103surilor de securitate, abuz, activit\u0103\u021bi ilicite. [&hellip;]","og_url":"https:\/\/www.clinicalyrdent.ro\/medicamente\/termeni-conditii\/","og_site_name":"Farmacia Lyrdent Medical\u0103","twitter_card":"summary_large_image","schema":{"@context":"https:\/\/schema.org","@graph":[{"@type":"WebPage","@id":"https:\/\/www.clinicalyrdent.ro\/medicamente\/termeni-conditii\/","url":"https:\/\/www.clinicalyrdent.ro\/medicamente\/termeni-conditii\/","name":"Termeni & Condi\u021bii - Farmacia Lyrdent Medical\u0103","isPartOf":{"@id":"https:\/\/www.clinicalyrdent.ro\/medicamente\/#website"},"datePublished":"2025-08-26T00:00:00+00:00","breadcrumb":{"@id":"https:\/\/www.clinicalyrdent.ro\/medicamente\/termeni-conditii\/#breadcrumb"},"inLanguage":"ro-RO","potentialAction":[{"@type":"ReadAction","target":["https:\/\/www.clinicalyrdent.ro\/medicamente\/termeni-conditii\/"]}]},{"@type":"BreadcrumbList","@id":"https:\/\/www.clinicalyrdent.ro\/medicamente\/termeni-conditii\/#breadcrumb","itemListElement":[{"@type":"ListItem","position":1,"name":"Prima pagin\u0103","item":"https:\/\/www.clinicalyrdent.ro\/medicamente\/"},{"@type":"ListItem","position":2,"name":"Termeni &#038; Condi\u021bii"}]},{"@type":"WebSite","@id":"https:\/\/www.clinicalyrdent.ro\/medicamente\/#website","url":"https:\/\/www.clinicalyrdent.ro\/medicamente\/","name":"Farmacia Lyrdent Medical\u0103","description":"","publisher":{"@id":"https:\/\/www.clinicalyrdent.ro\/medicamente\/#organization"},"potentialAction":[{"@type":"SearchAction","target":{"@type":"EntryPoint","urlTemplate":"https:\/\/www.clinicalyrdent.ro\/medicamente\/?s={search_term_string}"},"query-input":{"@type":"PropertyValueSpecification","valueRequired":true,"valueName":"search_term_string"}}],"inLanguage":"ro-RO"},{"@type":"Organization","@id":"https:\/\/www.clinicalyrdent.ro\/medicamente\/#organization","name":"Farmacia Lyrdent Medical\u0103","url":"https:\/\/www.clinicalyrdent.ro\/medicamente\/","logo":{"@type":"ImageObject","inLanguage":"ro-RO","@id":"https:\/\/www.clinicalyrdent.ro\/medicamente\/#\/schema\/logo\/image\/","url":"https:\/\/www.clinicalyrdent.ro\/medicamente\/wp-content\/uploads\/2025\/08\/lyrdent-1.png","contentUrl":"https:\/\/www.clinicalyrdent.ro\/medicamente\/wp-content\/uploads\/2025\/08\/lyrdent-1.png","width":300,"height":100,"caption":"Farmacia Lyrdent Medical\u0103"},"image":{"@id":"https:\/\/www.clinicalyrdent.ro\/medicamente\/#\/schema\/logo\/image\/"}}]}},"_links":{"self":[{"href":"https:\/\/www.clinicalyrdent.ro\/medicamente\/wp-json\/wp\/v2\/pages\/50","targetHints":{"allow":["GET"]}}],"collection":[{"href":"https:\/\/www.clinicalyrdent.ro\/medicamente\/wp-json\/wp\/v2\/pages"}],"about":[{"href":"https:\/\/www.clinicalyrdent.ro\/medicamente\/wp-json\/wp\/v2\/types\/page"}],"author":[{"embeddable":true,"href":"https:\/\/www.clinicalyrdent.ro\/medicamente\/wp-json\/wp\/v2\/users\/1"}],"replies":[{"embeddable":true,"href":"https:\/\/www.clinicalyrdent.ro\/medicamente\/wp-json\/wp\/v2\/comments?post=50"}],"version-history":[{"count":0,"href":"https:\/\/www.clinicalyrdent.ro\/medicamente\/wp-json\/wp\/v2\/pages\/50\/revisions"}],"wp:attachment":[{"href":"https:\/\/www.clinicalyrdent.ro\/medicamente\/wp-json\/wp\/v2\/media?parent=50"}],"curies":[{"name":"wp","href":"https:\/\/api.w.org\/{rel}","templated":true}]}}