{"id":46,"date":"2025-08-26T00:00:00","date_gmt":"2025-08-26T00:00:00","guid":{"rendered":"https:\/\/www.clinicalyrdent.ro\/medicamente\/?page_id=1"},"modified":"2025-08-26T00:00:00","modified_gmt":"2025-08-26T00:00:00","slug":"informatii-legale","status":"publish","type":"page","link":"https:\/\/www.clinicalyrdent.ro\/medicamente\/informatii-legale\/","title":{"rendered":"Informa\u021bii legale"},"content":{"rendered":"<p><strong>Farmacia Lyrdent Medical\u0103<\/strong> \u2014 <strong>portal informativ<\/strong>, <strong>farmacie virtual\u0103<\/strong> (f\u0103r\u0103 sediu fizic cu v\u00e2nzare c\u0103tre public).<\/p>\n<p><strong>Scopul site-ului:<\/strong> informare despre medicamente, dispozitive medicale \u0219i s\u0103n\u0103tate. <strong>Nu exist\u0103 v\u00e2nzare direct\u0103<\/strong> pe acest site. Butoanele \u201eCump\u0103r\u0103\/Comand\u0103\u201d redirec\u021bioneaz\u0103 c\u0103tre <strong>site-ul oficial al produc\u0103torului<\/strong>. Farmacia Lyrdent Medical\u0103 <strong>nu este parte contractual\u0103<\/strong> la achizi\u021bii efectuate pe site-uri ter\u021be; se aplic\u0103 exclusiv condi\u021biile v\u00e2nz\u0103torului ter\u021b.<\/p>\n<p><strong>R\u0103spundere pentru con\u021binut:<\/strong> informa\u021bii redactate cu aten\u021bie, f\u0103r\u0103 garan\u021bii de exactitate\/actualitate; nu \u00eenlocuiesc consultul medical.<\/p>\n<p><strong>Linkuri externe:<\/strong> pentru con\u021binutul \u0219i disponibilitatea site-urilor ter\u021be r\u0103spund exclusiv operatorii acestora.<\/p>\n<p><strong>Drepturi de autor:<\/strong> dac\u0103 nu se precizeaz\u0103 altfel, textele\/imagini\/layout apar\u021bin Farmacia Lyrdent Medical\u0103; orice utilizare peste limitele legale necesit\u0103 acord.<\/p>\n<p><em>Ultima actualizare: 2025-08-26<\/em><\/p>\n","protected":false},"excerpt":{"rendered":"<p>Farmacia Lyrdent Medical\u0103 \u2014 portal informativ, farmacie virtual\u0103 (f\u0103r\u0103 sediu fizic cu v\u00e2nzare c\u0103tre public). Scopul site-ului: informare despre medicamente, dispozitive medicale \u0219i s\u0103n\u0103tate. Nu exist\u0103 v\u00e2nzare direct\u0103 pe acest site. Butoanele \u201eCump\u0103r\u0103\/Comand\u0103\u201d redirec\u021bioneaz\u0103 c\u0103tre site-ul oficial al produc\u0103torului. Farmacia Lyrdent Medical\u0103 nu este parte contractual\u0103 la achizi\u021bii efectuate pe site-uri ter\u021be; se aplic\u0103 exclusiv [&hellip;]<\/p>\n","protected":false},"author":1,"featured_media":0,"parent":0,"menu_order":0,"comment_status":"closed","ping_status":"closed","template":"","meta":{"footnotes":""},"class_list":["post-46","page","type-page","status-publish","hentry"],"blocksy_meta":[],"yoast_head":"<!-- This site is optimized with the Yoast SEO plugin v27.3 - https:\/\/yoast.com\/product\/yoast-seo-wordpress\/ -->\n<title>Informa\u021bii legale - Farmacia Lyrdent Medical\u0103<\/title>\n<meta name=\"robots\" content=\"index, follow, max-snippet:-1, max-image-preview:large, max-video-preview:-1\" \/>\n<link rel=\"canonical\" href=\"https:\/\/www.clinicalyrdent.ro\/medicamente\/informatii-legale\/\" \/>\n<meta property=\"og:locale\" content=\"ro_RO\" \/>\n<meta property=\"og:type\" content=\"article\" \/>\n<meta property=\"og:title\" content=\"Informa\u021bii legale - Farmacia Lyrdent Medical\u0103\" \/>\n<meta property=\"og:description\" content=\"Farmacia Lyrdent Medical\u0103 \u2014 portal informativ, farmacie virtual\u0103 (f\u0103r\u0103 sediu fizic cu v\u00e2nzare c\u0103tre public). Scopul site-ului: informare despre medicamente, dispozitive medicale \u0219i s\u0103n\u0103tate. Nu exist\u0103 v\u00e2nzare direct\u0103 pe acest site. Butoanele \u201eCump\u0103r\u0103\/Comand\u0103\u201d redirec\u021bioneaz\u0103 c\u0103tre site-ul oficial al produc\u0103torului. Farmacia Lyrdent Medical\u0103 nu este parte contractual\u0103 la achizi\u021bii efectuate pe site-uri ter\u021be; se aplic\u0103 exclusiv [&hellip;]\" \/>\n<meta property=\"og:url\" content=\"https:\/\/www.clinicalyrdent.ro\/medicamente\/informatii-legale\/\" \/>\n<meta property=\"og:site_name\" content=\"Farmacia Lyrdent Medical\u0103\" \/>\n<meta name=\"twitter:card\" content=\"summary_large_image\" \/>\n<meta name=\"twitter:label1\" content=\"Timp estimat pentru citire\" \/>\n\t<meta name=\"twitter:data1\" content=\"1 minut\" \/>\n<script type=\"application\/ld+json\" class=\"yoast-schema-graph\">{\"@context\":\"https:\\\/\\\/schema.org\",\"@graph\":[{\"@type\":\"WebPage\",\"@id\":\"https:\\\/\\\/www.clinicalyrdent.ro\\\/medicamente\\\/informatii-legale\\\/\",\"url\":\"https:\\\/\\\/www.clinicalyrdent.ro\\\/medicamente\\\/informatii-legale\\\/\",\"name\":\"Informa\u021bii legale - Farmacia Lyrdent Medical\u0103\",\"isPartOf\":{\"@id\":\"https:\\\/\\\/www.clinicalyrdent.ro\\\/medicamente\\\/#website\"},\"datePublished\":\"2025-08-26T00:00:00+00:00\",\"breadcrumb\":{\"@id\":\"https:\\\/\\\/www.clinicalyrdent.ro\\\/medicamente\\\/informatii-legale\\\/#breadcrumb\"},\"inLanguage\":\"ro-RO\",\"potentialAction\":[{\"@type\":\"ReadAction\",\"target\":[\"https:\\\/\\\/www.clinicalyrdent.ro\\\/medicamente\\\/informatii-legale\\\/\"]}]},{\"@type\":\"BreadcrumbList\",\"@id\":\"https:\\\/\\\/www.clinicalyrdent.ro\\\/medicamente\\\/informatii-legale\\\/#breadcrumb\",\"itemListElement\":[{\"@type\":\"ListItem\",\"position\":1,\"name\":\"Prima pagin\u0103\",\"item\":\"https:\\\/\\\/www.clinicalyrdent.ro\\\/medicamente\\\/\"},{\"@type\":\"ListItem\",\"position\":2,\"name\":\"Informa\u021bii legale\"}]},{\"@type\":\"WebSite\",\"@id\":\"https:\\\/\\\/www.clinicalyrdent.ro\\\/medicamente\\\/#website\",\"url\":\"https:\\\/\\\/www.clinicalyrdent.ro\\\/medicamente\\\/\",\"name\":\"Farmacia Lyrdent Medical\u0103\",\"description\":\"\",\"publisher\":{\"@id\":\"https:\\\/\\\/www.clinicalyrdent.ro\\\/medicamente\\\/#organization\"},\"potentialAction\":[{\"@type\":\"SearchAction\",\"target\":{\"@type\":\"EntryPoint\",\"urlTemplate\":\"https:\\\/\\\/www.clinicalyrdent.ro\\\/medicamente\\\/?s={search_term_string}\"},\"query-input\":{\"@type\":\"PropertyValueSpecification\",\"valueRequired\":true,\"valueName\":\"search_term_string\"}}],\"inLanguage\":\"ro-RO\"},{\"@type\":\"Organization\",\"@id\":\"https:\\\/\\\/www.clinicalyrdent.ro\\\/medicamente\\\/#organization\",\"name\":\"Farmacia Lyrdent Medical\u0103\",\"url\":\"https:\\\/\\\/www.clinicalyrdent.ro\\\/medicamente\\\/\",\"logo\":{\"@type\":\"ImageObject\",\"inLanguage\":\"ro-RO\",\"@id\":\"https:\\\/\\\/www.clinicalyrdent.ro\\\/medicamente\\\/#\\\/schema\\\/logo\\\/image\\\/\",\"url\":\"https:\\\/\\\/www.clinicalyrdent.ro\\\/medicamente\\\/wp-content\\\/uploads\\\/2025\\\/08\\\/lyrdent-1.png\",\"contentUrl\":\"https:\\\/\\\/www.clinicalyrdent.ro\\\/medicamente\\\/wp-content\\\/uploads\\\/2025\\\/08\\\/lyrdent-1.png\",\"width\":300,\"height\":100,\"caption\":\"Farmacia Lyrdent Medical\u0103\"},\"image\":{\"@id\":\"https:\\\/\\\/www.clinicalyrdent.ro\\\/medicamente\\\/#\\\/schema\\\/logo\\\/image\\\/\"}}]}<\/script>\n<!-- \/ Yoast SEO plugin. -->","yoast_head_json":{"title":"Informa\u021bii legale - Farmacia Lyrdent Medical\u0103","robots":{"index":"index","follow":"follow","max-snippet":"max-snippet:-1","max-image-preview":"max-image-preview:large","max-video-preview":"max-video-preview:-1"},"canonical":"https:\/\/www.clinicalyrdent.ro\/medicamente\/informatii-legale\/","og_locale":"ro_RO","og_type":"article","og_title":"Informa\u021bii legale - Farmacia Lyrdent Medical\u0103","og_description":"Farmacia Lyrdent Medical\u0103 \u2014 portal informativ, farmacie virtual\u0103 (f\u0103r\u0103 sediu fizic cu v\u00e2nzare c\u0103tre public). Scopul site-ului: informare despre medicamente, dispozitive medicale \u0219i s\u0103n\u0103tate. Nu exist\u0103 v\u00e2nzare direct\u0103 pe acest site. Butoanele \u201eCump\u0103r\u0103\/Comand\u0103\u201d redirec\u021bioneaz\u0103 c\u0103tre site-ul oficial al produc\u0103torului. Farmacia Lyrdent Medical\u0103 nu este parte contractual\u0103 la achizi\u021bii efectuate pe site-uri ter\u021be; se aplic\u0103 exclusiv [&hellip;]","og_url":"https:\/\/www.clinicalyrdent.ro\/medicamente\/informatii-legale\/","og_site_name":"Farmacia Lyrdent Medical\u0103","twitter_card":"summary_large_image","twitter_misc":{"Timp estimat pentru citire":"1 minut"},"schema":{"@context":"https:\/\/schema.org","@graph":[{"@type":"WebPage","@id":"https:\/\/www.clinicalyrdent.ro\/medicamente\/informatii-legale\/","url":"https:\/\/www.clinicalyrdent.ro\/medicamente\/informatii-legale\/","name":"Informa\u021bii legale - Farmacia Lyrdent Medical\u0103","isPartOf":{"@id":"https:\/\/www.clinicalyrdent.ro\/medicamente\/#website"},"datePublished":"2025-08-26T00:00:00+00:00","breadcrumb":{"@id":"https:\/\/www.clinicalyrdent.ro\/medicamente\/informatii-legale\/#breadcrumb"},"inLanguage":"ro-RO","potentialAction":[{"@type":"ReadAction","target":["https:\/\/www.clinicalyrdent.ro\/medicamente\/informatii-legale\/"]}]},{"@type":"BreadcrumbList","@id":"https:\/\/www.clinicalyrdent.ro\/medicamente\/informatii-legale\/#breadcrumb","itemListElement":[{"@type":"ListItem","position":1,"name":"Prima pagin\u0103","item":"https:\/\/www.clinicalyrdent.ro\/medicamente\/"},{"@type":"ListItem","position":2,"name":"Informa\u021bii legale"}]},{"@type":"WebSite","@id":"https:\/\/www.clinicalyrdent.ro\/medicamente\/#website","url":"https:\/\/www.clinicalyrdent.ro\/medicamente\/","name":"Farmacia Lyrdent Medical\u0103","description":"","publisher":{"@id":"https:\/\/www.clinicalyrdent.ro\/medicamente\/#organization"},"potentialAction":[{"@type":"SearchAction","target":{"@type":"EntryPoint","urlTemplate":"https:\/\/www.clinicalyrdent.ro\/medicamente\/?s={search_term_string}"},"query-input":{"@type":"PropertyValueSpecification","valueRequired":true,"valueName":"search_term_string"}}],"inLanguage":"ro-RO"},{"@type":"Organization","@id":"https:\/\/www.clinicalyrdent.ro\/medicamente\/#organization","name":"Farmacia Lyrdent Medical\u0103","url":"https:\/\/www.clinicalyrdent.ro\/medicamente\/","logo":{"@type":"ImageObject","inLanguage":"ro-RO","@id":"https:\/\/www.clinicalyrdent.ro\/medicamente\/#\/schema\/logo\/image\/","url":"https:\/\/www.clinicalyrdent.ro\/medicamente\/wp-content\/uploads\/2025\/08\/lyrdent-1.png","contentUrl":"https:\/\/www.clinicalyrdent.ro\/medicamente\/wp-content\/uploads\/2025\/08\/lyrdent-1.png","width":300,"height":100,"caption":"Farmacia Lyrdent Medical\u0103"},"image":{"@id":"https:\/\/www.clinicalyrdent.ro\/medicamente\/#\/schema\/logo\/image\/"}}]}},"_links":{"self":[{"href":"https:\/\/www.clinicalyrdent.ro\/medicamente\/wp-json\/wp\/v2\/pages\/46","targetHints":{"allow":["GET"]}}],"collection":[{"href":"https:\/\/www.clinicalyrdent.ro\/medicamente\/wp-json\/wp\/v2\/pages"}],"about":[{"href":"https:\/\/www.clinicalyrdent.ro\/medicamente\/wp-json\/wp\/v2\/types\/page"}],"author":[{"embeddable":true,"href":"https:\/\/www.clinicalyrdent.ro\/medicamente\/wp-json\/wp\/v2\/users\/1"}],"replies":[{"embeddable":true,"href":"https:\/\/www.clinicalyrdent.ro\/medicamente\/wp-json\/wp\/v2\/comments?post=46"}],"version-history":[{"count":0,"href":"https:\/\/www.clinicalyrdent.ro\/medicamente\/wp-json\/wp\/v2\/pages\/46\/revisions"}],"wp:attachment":[{"href":"https:\/\/www.clinicalyrdent.ro\/medicamente\/wp-json\/wp\/v2\/media?parent=46"}],"curies":[{"name":"wp","href":"https:\/\/api.w.org\/{rel}","templated":true}]}}